{"id":850,"date":"2026-02-16T17:58:46","date_gmt":"2026-02-16T15:58:46","guid":{"rendered":"https:\/\/medicare.umft.ro\/sr\/?page_id=850"},"modified":"2026-02-18T13:36:56","modified_gmt":"2026-02-18T11:36:56","slug":"studenti","status":"publish","type":"page","link":"https:\/\/medicare.umft.ro\/sr\/studenti\/","title":{"rendered":"\u0441\u0442\u0443\u0434\u0435\u043d\u0442"},"content":{"rendered":"\n<h2 class=\"wp-block-heading\">\u0421\u0430\u0441\u0442\u0430\u043d\u0446\u0438 \u0441\u0430 \u0441\u0442\u0443\u0434\u0435\u043d\u0442\u0441\u043a\u0438\u043c \u0432\u043e\u043b\u043e\u043d\u0442\u0435\u0440\u0438\u043c\u0430<\/h2>\n\n\n\n<p>\u0411\u0438\u045b\u0435 \u043f\u0440\u043e\u0433\u0440\u0430\u043c \u0441\u0435\u043b\u0435\u043a\u0446\u0438\u0458\u0435 \u043d\u0430 \u0442\u0435\u0440\u0435\u043d\u0443 \u0438 \u043e\u043d\u043b\u0430\u0458\u043d<\/p>\n\n\n\n<div style=\"height:30px\" aria-hidden=\"true\" class=\"wp-block-spacer\"><\/div>\n\n\n\n<figure class=\"wp-block-gallery has-nested-images columns-default is-cropped wp-block-gallery-1 is-layout-flex\">\n<figure class=\"wp-block-image size-large\"><img decoding=\"async\" data-id=\"981\"  src=\"https:\/\/medicare.umft.ro\/app\/uploads\/2023\/07\/screening_meetings-1-1024x576.jpeg\" alt=\"\" class=\"wp-image-981\"\/><\/figure>\n\n\n\n<figure class=\"wp-block-image size-large\"><img decoding=\"async\" data-id=\"982\"  src=\"https:\/\/medicare.umft.ro\/app\/uploads\/2023\/07\/screening_meetings-2-1024x576.jpeg\" alt=\"\" class=\"wp-image-982\"\/><\/figure>\n\n\n\n<figure class=\"wp-block-image size-large\"><img decoding=\"async\" data-id=\"983\"  src=\"https:\/\/medicare.umft.ro\/app\/uploads\/2023\/07\/screening_meetings-3-1024x576.jpeg\" alt=\"\" class=\"wp-image-983\"\/><\/figure>\n\n\n\n<figure class=\"wp-block-image size-large\"><img decoding=\"async\" data-id=\"985\"  src=\"https:\/\/medicare.umft.ro\/app\/uploads\/2023\/07\/screening_meetings-5-1024x576.jpeg\" alt=\"\" class=\"wp-image-985\"\/><\/figure>\n\n\n\n<figure class=\"wp-block-image size-large\"><img decoding=\"async\" data-id=\"986\"  src=\"https:\/\/medicare.umft.ro\/app\/uploads\/2023\/07\/screening_meetings-6-1024x576.jpeg\" alt=\"\" class=\"wp-image-986\"\/><\/figure>\n\n\n\n<figure class=\"wp-block-image size-large\"><img decoding=\"async\" data-id=\"987\"  src=\"https:\/\/medicare.umft.ro\/app\/uploads\/2023\/07\/screening_meetings-7-1024x576.jpeg\" alt=\"\" class=\"wp-image-987\"\/><\/figure>\n\n\n\n<figure class=\"wp-block-image size-large\"><img decoding=\"async\" data-id=\"988\"  src=\"https:\/\/medicare.umft.ro\/app\/uploads\/2023\/07\/screening_meetings-8-1024x576.jpeg\" alt=\"\" class=\"wp-image-988\"\/><\/figure>\n\n\n\n<figure class=\"wp-block-image size-large\"><img decoding=\"async\" data-id=\"989\"  src=\"https:\/\/medicare.umft.ro\/app\/uploads\/2023\/07\/screening_meetings-9-1024x576.jpeg\" alt=\"\" class=\"wp-image-989\"\/><\/figure>\n\n\n\n<figure class=\"wp-block-image size-large\"><img decoding=\"async\" data-id=\"990\"  src=\"https:\/\/medicare.umft.ro\/app\/uploads\/2023\/07\/screening_meetings-10-1024x576.jpeg\" alt=\"\" class=\"wp-image-990\"\/><\/figure>\n\n\n\n<figure class=\"wp-block-image size-large\"><img decoding=\"async\" data-id=\"991\"  src=\"https:\/\/medicare.umft.ro\/app\/uploads\/2023\/07\/screening_meetings-11-1024x576.jpeg\" alt=\"\" class=\"wp-image-991\"\/><\/figure>\n\n\n\n<figure class=\"wp-block-image size-large\"><img decoding=\"async\" data-id=\"992\"  src=\"https:\/\/medicare.umft.ro\/app\/uploads\/2023\/07\/screening_meetings-12-1024x576.jpeg\" alt=\"\" class=\"wp-image-992\"\/><\/figure>\n<\/figure>\n\n\n\n<div style=\"height:100px\" aria-hidden=\"true\" class=\"wp-block-spacer\"><\/div>\n\n\n\n<h2 class=\"wp-block-heading\">\u0421\u0442\u0443\u0434\u0435\u043d\u0442\u0438 \u043a\u043e\u0458\u0438 \u043f\u0440\u0438\u043a\u0443\u043f\u0459\u0430\u0458\u0443 \u0443\u0437\u043e\u0440\u043a\u0435 \u0437\u0430 \u0431\u0435\u0441\u043f\u043b\u0430\u0442\u043d\u043e \u0442\u0435\u0441\u0442\u0438\u0440\u0430\u045a\u0435<\/h2>\n\n\n\n<p>\u0422\u043e\u043a\u043e\u043c \u043f\u0440\u043e\u0433\u0440\u0430\u043c\u0430 \u0442\u0435\u0440\u0435\u043d\u0441\u043a\u043e\u0433 \u043f\u0440\u0435\u0433\u043b\u0435\u0434\u0430<\/p>\n\n\n\n<div style=\"height:30px\" aria-hidden=\"true\" class=\"wp-block-spacer\"><\/div>\n\n\n\n<figure class=\"wp-block-gallery has-nested-images columns-default is-cropped wp-block-gallery-3 is-layout-flex\">\n<figure class=\"wp-block-image size-large\"><img decoding=\"async\" data-id=\"980\"  src=\"https:\/\/medicare.umft.ro\/app\/uploads\/2023\/07\/volunteering_students.jpg\" alt=\"\" class=\"wp-image-980\"\/><\/figure>\n\n\n\n<figure class=\"wp-block-image size-large\"><img decoding=\"async\" data-id=\"979\"  src=\"https:\/\/medicare.umft.ro\/app\/uploads\/2023\/07\/volunteering_students2.jpg\" alt=\"\" class=\"wp-image-979\"\/><\/figure>\n<\/figure>\n","protected":false},"excerpt":{"rendered":"<p>Na\u0161i studenti pomeraju granice sa svakom aktivno\u0161\u0107u u kojoj u\u010destvuju na terenu.<\/p>\n","protected":false},"author":1,"featured_media":0,"parent":0,"menu_order":0,"comment_status":"closed","ping_status":"closed","template":"","meta":[],"_links":{"self":[{"href":"https:\/\/medicare.umft.ro\/sr\/wp-json\/wp\/v2\/pages\/850"}],"collection":[{"href":"https:\/\/medicare.umft.ro\/sr\/wp-json\/wp\/v2\/pages"}],"about":[{"href":"https:\/\/medicare.umft.ro\/sr\/wp-json\/wp\/v2\/types\/page"}],"author":[{"embeddable":true,"href":"https:\/\/medicare.umft.ro\/sr\/wp-json\/wp\/v2\/users\/1"}],"replies":[{"embeddable":true,"href":"https:\/\/medicare.umft.ro\/sr\/wp-json\/wp\/v2\/comments?post=850"}],"version-history":[{"count":5,"href":"https:\/\/medicare.umft.ro\/sr\/wp-json\/wp\/v2\/pages\/850\/revisions"}],"predecessor-version":[{"id":875,"href":"https:\/\/medicare.umft.ro\/sr\/wp-json\/wp\/v2\/pages\/850\/revisions\/875"}],"wp:attachment":[{"href":"https:\/\/medicare.umft.ro\/sr\/wp-json\/wp\/v2\/media?parent=850"}],"curies":[{"name":"wp","href":"https:\/\/api.w.org\/{rel}","templated":true}]}}