{"id":841,"date":"2026-02-18T13:32:02","date_gmt":"2026-02-18T11:32:02","guid":{"rendered":"https:\/\/medicare.umft.ro\/ro\/?page_id=841"},"modified":"2026-02-18T13:53:24","modified_gmt":"2026-02-18T11:53:24","slug":"ghiduri-de-bune-practici","status":"publish","type":"page","link":"https:\/\/medicare.umft.ro\/ro\/ghiduri-de-bune-practici\/","title":{"rendered":"Ghiduri de bune practici"},"content":{"rendered":"\n<h2 class=\"wp-block-heading\">Linkuri rapide c\u0103tre ghidurile disponibile<\/h2>\n\n\n\n<p>Face\u021bi clic pe oricare dintre linkurile de mai jos pentru a merge direct la acea sec\u021biune.<\/p>\n\n\n\n<ol>\n<li><a href=\"#diabete\" data-type=\"internal\" data-id=\"#diabete\"><strong>Screening Diabet<\/strong><\/a><\/li>\n\n\n\n<li><a href=\"#prostate\" data-type=\"internal\" data-id=\"#prostate\"><strong>Cancer de prostat\u0103<\/strong><\/a><\/li>\n\n\n\n<li><a href=\"#cervical\"><strong>Cancer de col uterin<\/strong><\/a><\/li>\n<\/ol>\n\n\n\n<div style=\"height:100px\" aria-hidden=\"true\" class=\"wp-block-spacer\"><\/div>\n\n\n\n<h3 class=\"wp-block-heading\" id=\"diabete\">Ghiduri despre diabet<\/h3>\n\n\n\n<div class=\"wp-block-file\"><object class=\"wp-block-file__embed\" data=\"https:\/\/medicare.umft.ro\/app\/uploads\/2023\/07\/Medicare-Diabet-zaharat-Prof.-Timar-RORS467.pdf\" type=\"application\/pdf\" style=\"width:100%;height:600px\" aria-label=\"Embed of Medicare Diabet zaharat Prof. Timar RORS467.\"><\/object><a id=\"wp-block-file--media-a4f76e1c-eabb-47d6-9f3e-b8c1d905d865\" href=\"https:\/\/medicare.umft.ro\/app\/uploads\/2023\/07\/Medicare-Diabet-zaharat-Prof.-Timar-RORS467.pdf\">Medicare Diabet zaharat Prof. Timar RORS467<\/a><a href=\"https:\/\/medicare.umft.ro\/app\/uploads\/2023\/07\/Medicare-Diabet-zaharat-Prof.-Timar-RORS467.pdf\" class=\"wp-block-file__button wp-element-button\" download aria-describedby=\"wp-block-file--media-a4f76e1c-eabb-47d6-9f3e-b8c1d905d865\">Descar\u0103<\/a><\/div>\n\n\n\n<h2 class=\"wp-block-heading\" id=\"prostate\">Cancer de prostat\u0103<\/h2>\n\n\n\n<div class=\"wp-block-file\"><object class=\"wp-block-file__embed\" data=\"https:\/\/medicare.umft.ro\/app\/uploads\/2023\/07\/Medicare-cancer-de-prostata-RORS467.pdf\" type=\"application\/pdf\" style=\"width:100%;height:600px\" aria-label=\"Embed of Medicare-cancer-de-prostata-RORS467.\"><\/object><a id=\"wp-block-file--media-d754dd14-d372-4abe-9467-1587a46aab22\" href=\"https:\/\/medicare.umft.ro\/app\/uploads\/2023\/07\/Medicare-cancer-de-prostata-RORS467.pdf\">Medicare-cancer-de-prostata-RORS467<\/a><a href=\"https:\/\/medicare.umft.ro\/app\/uploads\/2023\/07\/Medicare-cancer-de-prostata-RORS467.pdf\" class=\"wp-block-file__button wp-element-button\" download aria-describedby=\"wp-block-file--media-d754dd14-d372-4abe-9467-1587a46aab22\">Descarc\u0103<\/a><\/div>\n\n\n\n<h2 class=\"wp-block-heading\" id=\"cervical\">Cancer de col uterin<\/h2>\n\n\n\n<div class=\"wp-block-file\"><object class=\"wp-block-file__embed\" data=\"https:\/\/medicare.umft.ro\/app\/uploads\/2023\/07\/Medicare-Cancerul-de-col-uterin-RORS467.pdf\" type=\"application\/pdf\" style=\"width:100%;height:600px\" aria-label=\"Embed of Medicare Cancerul de col uterin RORS467.\"><\/object><a id=\"wp-block-file--media-c11201b5-897b-4945-be98-d1b4a20af83c\" href=\"https:\/\/medicare.umft.ro\/app\/uploads\/2023\/07\/Medicare-Cancerul-de-col-uterin-RORS467.pdf\">Medicare Cancerul de col uterin RORS467<\/a><a href=\"https:\/\/medicare.umft.ro\/app\/uploads\/2023\/07\/Medicare-Cancerul-de-col-uterin-RORS467.pdf\" class=\"wp-block-file__button wp-element-button\" download aria-describedby=\"wp-block-file--media-c11201b5-897b-4945-be98-d1b4a20af83c\">Descarc\u0103<\/a><\/div>\n","protected":false},"excerpt":{"rendered":"<p>Pe aceast\u0103 pagin\u0103 ve\u021bi g\u0103si ghidurile noastre de bune practici pentru a v\u0103 ajuta s\u0103 \u00een\u021belege\u021bi \u0219i s\u0103 depista\u021bi simptomele din timp.<\/p>\n","protected":false},"author":1,"featured_media":0,"parent":0,"menu_order":0,"comment_status":"closed","ping_status":"closed","template":"","meta":[],"_links":{"self":[{"href":"https:\/\/medicare.umft.ro\/ro\/wp-json\/wp\/v2\/pages\/841"}],"collection":[{"href":"https:\/\/medicare.umft.ro\/ro\/wp-json\/wp\/v2\/pages"}],"about":[{"href":"https:\/\/medicare.umft.ro\/ro\/wp-json\/wp\/v2\/types\/page"}],"author":[{"embeddable":true,"href":"https:\/\/medicare.umft.ro\/ro\/wp-json\/wp\/v2\/users\/1"}],"replies":[{"embeddable":true,"href":"https:\/\/medicare.umft.ro\/ro\/wp-json\/wp\/v2\/comments?post=841"}],"version-history":[{"count":3,"href":"https:\/\/medicare.umft.ro\/ro\/wp-json\/wp\/v2\/pages\/841\/revisions"}],"predecessor-version":[{"id":845,"href":"https:\/\/medicare.umft.ro\/ro\/wp-json\/wp\/v2\/pages\/841\/revisions\/845"}],"wp:attachment":[{"href":"https:\/\/medicare.umft.ro\/ro\/wp-json\/wp\/v2\/media?parent=841"}],"curies":[{"name":"wp","href":"https:\/\/api.w.org\/{rel}","templated":true}]}}