{"id":353,"date":"2023-02-11T06:06:40","date_gmt":"2023-02-11T04:06:40","guid":{"rendered":"https:\/\/medicare.umft.ro\/register\/"},"modified":"2023-02-11T07:44:21","modified_gmt":"2023-02-11T05:44:21","slug":"register","status":"publish","type":"page","link":"https:\/\/medicare.umft.ro\/ro\/register\/","title":{"rendered":"Register"},"content":{"rendered":"\n<div class=\"um um-register um-347\">\n\n\t<div class=\"um-form\" data-mode=\"register\">\n\n\t\t<form method=\"post\" action=\"\">\n\n\t\t\t<div class=\"um-row _um_row_1 \" style=\"margin: 0 0 30px 0;\"><div class=\"um-col-1\"><div  id=\"um_field_347_user_login\" class=\"um-field um-field-text  um-field-user_login um-field-text um-field-type_text\" data-key=\"user_login\"><div class=\"um-field-label\"><label for=\"user_login-347\">Nume de utilizator<\/label><div class=\"um-clear\"><\/div><\/div><div class=\"um-field-area\"><input  autocomplete=\"off\" class=\"um-form-field valid \" type=\"text\" name=\"user_login-347\" id=\"user_login-347\" value=\"\" placeholder=\"\" data-validate=\"unique_username\" data-key=\"user_login\" \/>\n\n\t\t\t\t\t\t<\/div><\/div><div  id=\"um_field_347_first_name\" class=\"um-field um-field-text  um-field-first_name um-field-text um-field-type_text\" data-key=\"first_name\"><div class=\"um-field-label\"><label for=\"first_name-347\">Prenume<\/label><div class=\"um-clear\"><\/div><\/div><div class=\"um-field-area\"><input  autocomplete=\"off\" class=\"um-form-field valid \" type=\"text\" name=\"first_name-347\" id=\"first_name-347\" value=\"\" placeholder=\"\" data-validate=\"\" data-key=\"first_name\" \/>\n\n\t\t\t\t\t\t<\/div><\/div><div  id=\"um_field_347_last_name\" class=\"um-field um-field-text  um-field-last_name um-field-text um-field-type_text\" data-key=\"last_name\"><div class=\"um-field-label\"><label for=\"last_name-347\">Nume<\/label><div class=\"um-clear\"><\/div><\/div><div class=\"um-field-area\"><input  autocomplete=\"off\" class=\"um-form-field valid \" type=\"text\" name=\"last_name-347\" id=\"last_name-347\" value=\"\" placeholder=\"\" data-validate=\"\" data-key=\"last_name\" \/>\n\n\t\t\t\t\t\t<\/div><\/div><div  id=\"um_field_347_user_email\" class=\"um-field um-field-text  um-field-user_email um-field-text um-field-type_text\" data-key=\"user_email\"><div class=\"um-field-label\"><label for=\"user_email-347\">Adresa de e-mail<\/label><div class=\"um-clear\"><\/div><\/div><div class=\"um-field-area\"><input  autocomplete=\"off\" class=\"um-form-field valid \" type=\"text\" name=\"user_email-347\" id=\"user_email-347\" value=\"\" placeholder=\"\" data-validate=\"unique_email\" data-key=\"user_email\" \/>\n\n\t\t\t\t\t\t<\/div><\/div><div  id=\"um_field_347_user_password\" class=\"um-field um-field-password  um-field-user_password um-field-password um-field-type_password\" data-key=\"user_password\"><div class=\"um-field-label\"><label for=\"user_password-347\">Parol\u0103<\/label><div class=\"um-clear\"><\/div><\/div><div class=\"um-field-area\"><input class=\"um-form-field valid \" type=\"password\" name=\"user_password-347\" id=\"user_password-347\" value=\"\" placeholder=\"\" data-validate=\"\" data-key=\"user_password\" \/>\n\n\t\t\t\t\t\t<\/div><\/div><div  id=\"um_field_347_confirm_user_password\" class=\"um-field um-field-password  um-field-user_password um-field-password um-field-type_password\" data-key=\"confirm_user_password\"><div class=\"um-field-label\"><label for=\"confirm_user_password-347\">Confirma\u021bi Parol\u0103<\/label><div class=\"um-clear\"><\/div><\/div><div class=\"um-field-area\"><input class=\"um-form-field valid \" type=\"password\" name=\"confirm_user_password-347\" id=\"confirm_user_password-347\" value=\"\" placeholder=\"Confirma\u021bi Parol\u0103\" data-validate=\"\" data-key=\"confirm_user_password\" \/><\/div><\/div><\/div><\/div>\n<!-- This file should primarily consist of HTML with a little bit of PHP. -->\n<div class=\"um-field um-field-type_terms_conditions\" data-key=\"use_terms_conditions_agreement\" style=\"display:block;padding:0;\">\n\t<div class=\"um-field-area\">\n\t\t<div class=\"um-gdpr-content\" style=\"display:none;\">\n\t\t\t\n<p>Aceast\u0103 politic\u0103 de confiden\u021bialitate stabile\u0219te practicile de prelucrare a datelor efectuate prin utilizarea internetului \u0219i a oric\u0103ror servicii accesibile prin intermediul <strong>Medicare<\/strong>. \u00cen cazul \u00een care ave\u021bi orice solicitare privind informa\u021biile dumneavoastr\u0103 personale sau orice \u00eentreb\u0103ri cu privire la aceste practici, v\u0103 rug\u0103m s\u0103 ne contacta\u021bi la adresa de e-mail <strong>romania-serbia@mdrap.ro<\/strong>.<\/p>\n\n\n\n<h2 class=\"wp-block-heading\">Informa\u021bii colectate<\/h2>\n\n\n\n<p>Colect\u0103m informa\u021bii de la vizitatorii acestui site web prin utilizarea formularelor online \u0219i de fiecare dat\u0103 c\u00e2nd ne trimite\u021bi detaliile dumneavoastr\u0103 prin e-mail. De asemenea, este posibil s\u0103 colect\u0103m informa\u021bii \u00een mod automat cu privire la vizita dvs. pe site-ul nostru web, folosind module cookie.<\/p>\n\n\n\n<h2 class=\"wp-block-heading\">Utilizarea informa\u021biilor personale<\/h2>\n\n\n\n<p>Informa\u021biile colectate de la Medicare vor fi folosite pentru a v\u0103 oferi detalii despre produsele \u0219i serviciile oferite \u0219i pentru analize statistice. De asemenea, este posibil s\u0103 folosim \u0219i s\u0103 analiz\u0103m informa\u021biile pe care le colect\u0103m pentru a putea administra, sprijini, \u00eembun\u0103t\u0103\u021bi \u0219i dezvolta activitatea noastr\u0103.<\/p>\n\n\n\n<p>\u00cen special, este posibil s\u0103 folosim informa\u021biile dvs. pentru a v\u0103 contacta pentru a v\u0103 cere p\u0103rerea cu privire la serviciile noastre \u0219i pentru a v\u0103 notifica ocazional cu privire la modific\u0103ri sau evolu\u021bii importante ale site-ului sau ale serviciilor noastre. \u00cen plus, \u00een cazul \u00een care v-a\u021bi dat consim\u021b\u0103m\u00e2ntul, am putea utiliza informa\u021biile dumneavoastr\u0103 pentru a v\u0103 anun\u021ba prin e-mail despre alte produse \u0219i servicii pe care le oferim \u0219i care ar putea fi de interes pentru dumneavoastr\u0103. Dac\u0103 v\u0103 r\u0103zg\u00e2ndi\u021bi \u00een leg\u0103tur\u0103 cu contactarea noastr\u0103 \u00een viitor, v\u0103 rug\u0103m s\u0103 ne anun\u021ba\u021bi.<\/p>\n\n\n\n<h2 class=\"wp-block-heading\">Dezv\u0103luirea informa\u021biilor personale<\/h2>\n\n\n\n<p>Nu vom dezv\u0103lui informa\u021biile dvs. personale unei ter\u021be p\u0103r\u021bi dec\u00e2t dac\u0103 v-a\u021bi dat consim\u021b\u0103m\u00e2ntul \u00een acest sens. Cu toate acestea, este posibil s\u0103 dezv\u0103luim informa\u021biile dvs. personale \u00een cazul \u00een care suntem obliga\u021bi s\u0103 facem acest lucru prin lege.<\/p>\n\n\n\n<h2 class=\"wp-block-heading\">Securitatea informa\u021biilor personale<\/h2>\n\n\n\n<p>Vom lua m\u0103suri de precau\u021bie tehnice \u0219i organizatorice rezonabile pentru a preveni pierderea, utilizarea necorespunz\u0103toare sau alterarea informa\u021biilor dumneavoastr\u0103 personale.<\/p>\n\n\n\n<h2 class=\"wp-block-heading\">Modific\u0103ri de politici<\/h2>\n\n\n\n<p>Putem actualiza aceast\u0103 politic\u0103 de confiden\u021bialitate din c\u00e2nd \u00een c\u00e2nd prin publicarea unei noi versiuni pe site-ul nostru web. Ar trebui s\u0103 verifica\u021bi aceast\u0103 pagin\u0103 ocazional pentru a v\u0103 asigura c\u0103 sunte\u021bi mul\u021bumit de orice modific\u0103ri.<\/p>\n\n\n\n<h2 class=\"wp-block-heading\">Site-uri web ale unor ter\u021be p\u0103r\u021bi<\/h2>\n\n\n\n<p>Site-ul web poate con\u021bine linkuri c\u0103tre alte site-uri web. Nu suntem responsabili pentru politicile sau practicile de confiden\u021bialitate ale site-urilor web ale ter\u021bilor.<\/p>\n\n\n\n<h2 class=\"wp-block-heading\">Drepturile dumneavoastr\u0103<\/h2>\n\n\n\n<p>Pute\u021bi solicita detalii despre informa\u021biile personale pe care le de\u021binem despre dumneavoastr\u0103 \u00een conformitate cu Regulamentul general european privind protec\u021bia datelor (GDPR). Dac\u0103 dori\u021bi o copie a informa\u021biilor de\u021binute despre dvs. v\u0103 rug\u0103m s\u0103 scrie\u021bi la adresa <strong>romania-serbia@mdrap.ro<\/strong>.<\/p>\n\n\n\n<p>Dac\u0103 crede\u021bi c\u0103 orice informa\u021bie pe care o de\u021binem despre dumneavoastr\u0103 este incorect\u0103 sau incomplet\u0103, v\u0103 rug\u0103m s\u0103 ne scrie\u021bi sau s\u0103 ne trimite\u021bi un e-mail c\u00e2t mai cur\u00e2nd posibil, la adresa de mai sus. Vom corecta cu promptitudine orice informa\u021bie care se dovede\u0219te a fi incorect\u0103.<\/p>\n\n\n\n<h2 class=\"wp-block-heading\">Contacta\u021bi-ne<\/h2>\n\n\n\n<p>Nu ezita\u021bi s\u0103 ne contacta\u021bi \u00een leg\u0103tur\u0103 cu orice aspect legat de aceast\u0103 politic\u0103 de confiden\u021bialitate la adresa de e-mail <strong>romania-serbia@mdrap.ro<\/strong>.<\/p>\n\t\t<\/div>\n\n\t\t\n\t\t<a href=\"javascript:void(0);\" class=\"um-toggle-gdpr\" data-toggle-state=\"hidden\"\n\t\t   data-toggle-show=\"Show privacy policy\"\n\t\t   data-toggle-hide=\"Hide privacy policy\">\n\t\t\tShow privacy policy\t\t<\/a>\n\t<\/div>\n\t<div class=\"um-field-area\">\n\n\t\t\n\t\t<label class=\"um-field-checkbox\">\n\t\t\t<input type=\"checkbox\" name=\"use_gdpr_agreement\" value=\"1\">\n\t\t\t<span class=\"um-field-checkbox-state\"><i class=\"um-icon-android-checkbox-outline-blank\"><\/i><\/span>\n\t\t\t<span class=\"um-field-checkbox-option\">I agree to the privacy policy<\/span>\n\t\t<\/label>\n\t\t<div class=\"um-clear\"><\/div>\n\n\t\t\n\t\t<div class=\"um-clear\"><\/div>\n\t<\/div>\n<\/div>\n\n<div class=\"um-field um-field-type_terms_conditions\"  data-key=\"use_terms_conditions_agreement\" style=\"display: block;padding:0px\">\n\t<div class=\"um-field-area\">\n\t\t<div class=\"um-terms-conditions-content\" style=\"display:none\">\n\t\t\t\t\t\t\t\t<a href=\"javascript:void(0);\" class=\"um-hide-terms\">\n\t\t\t\t\t\tHide Terms\t\t\t\t\t<\/a>\n\n\t\t\t\t\t\n<p>Bine a\u021bi venit la Medicare, un site web operat de c\u0103tre <strong>Universitatea de Medicin\u0103 \u0219i Farmacie \u201cVictor Babe\u015f\u201d, Timi\u0219oara<\/strong>. Prin accesarea \u0219i utilizarea site-ului nostru web, sunte\u021bi de acord s\u0103 respecta\u021bi urm\u0103torii termeni \u0219i condi\u021bii (&#8220;Termeni&#8221;).<\/p>\n\n\n\n<ol>\n<li><strong>Acceptarea condi\u021biilor: <\/strong>Prin utilizarea Medicare, sunte\u021bi de acord s\u0103 respecta\u021bi ace\u0219ti Termeni \u0219i toate legile \u0219i reglement\u0103rile aplicabile. Dac\u0103 nu sunte\u021bi de acord cu ace\u0219ti Termeni, nu sunte\u021bi autorizat s\u0103 utiliza\u021bi site-ul web.<\/li>\n\n\n\n<li><strong>Modificarea termenilor: <\/strong>Ne rezerv\u0103m dreptul de a modifica ace\u0219ti Termeni \u00een orice moment \u0219i f\u0103r\u0103 notificare prealabil\u0103. Utilizarea \u00een continuare a site-ului web \u00een urma unei astfel de modific\u0103ri constituie acceptarea de c\u0103tre dvs. a noilor termeni.<\/li>\n\n\n\n<li><strong>Utilizarea site-ului web: <\/strong>Pute\u021bi utiliza site-ul web numai \u00een scopuri legale \u0219i \u00een conformitate cu ace\u0219ti Termeni. Sunte\u021bi de acord s\u0103 nu utiliza\u021bi site-ul web \u00een scopuri neautorizate sau ilegale, inclusiv, dar f\u0103r\u0103 a se limita la, hacking, spamming sau distribuirea de viru\u0219i.<\/li>\n\n\n\n<li><strong>Informa\u021bii pentru utilizator: <\/strong>Sunte\u021bi singurul responsabil pentru informa\u021biile pe care ni le furniza\u021bi sau pe care le trimite\u021bi prin intermediul site-ului web. Declara\u021bi \u0219i garanta\u021bi c\u0103 toate informa\u021biile pe care le furniza\u021bi sunt corecte, complete \u0219i nu induc \u00een eroare.<\/li>\n\n\n\n<li><strong>Proprietatea intelectual\u0103: <\/strong>Tot con\u021binutul inclus pe site, cum ar fi textul, grafica, logo-urile, imaginile \u0219i software-ul, este proprietatea Medicare sau a furnizorilor s\u0103i \u0219i este protejat de drepturile de autor \u0219i alte legi privind proprietatea intelectual\u0103. Nu ave\u021bi voie s\u0103 utiliza\u021bi sau s\u0103 reproduce\u021bi niciunul dintre aceste con\u021binuturi f\u0103r\u0103 consim\u021b\u0103m\u00e2ntul scris expres al Medicare.<\/li>\n\n\n\n<li><strong>Exonerarea de r\u0103spundere a garan\u021biilor: <\/strong>Site-ul web este furnizat &#8220;a\u0219a cum este&#8221; \u0219i &#8220;a\u0219a cum este disponibil&#8221;, f\u0103r\u0103 garan\u021bii de niciun fel, fie ele exprese sau implicite. Medicare nu garanteaz\u0103 c\u0103 site-ul web va fi ne\u00eentrerupt sau lipsit de erori, iar dvs. utiliza\u021bi site-ul web pe propriul risc.<\/li>\n\n\n\n<li><strong>Limitarea r\u0103spunderii: <\/strong>Medicare nu va fi r\u0103spunz\u0103toare pentru orice daune care rezult\u0103 din utilizarea de c\u0103tre dumneavoastr\u0103 a site-ului web sau din incapacitatea de a utiliza site-ul web. Aceasta include, dar nu se limiteaz\u0103<strong> la daune directe, indirecte, accidentale, punitive \u0219i de consecin\u021b\u0103<\/strong>.<\/li>\n\n\n\n<li><strong>Desp\u0103gubire: <\/strong>Sunte\u021bi de acord s\u0103 desp\u0103gubi\u021bi, s\u0103 ap\u0103ra\u021bi \u0219i s\u0103 exonera\u021bi de r\u0103spundere Medicare \u0219i func\u021bionarii, directorii, angaja\u021bii, agen\u021bii \u0219i furnizorii s\u0103i de orice preten\u021bii, ac\u021biuni sau cereri, inclusiv, dar f\u0103r\u0103 a se limita la taxe legale \u0219i contabile rezonabile, care rezult\u0103 din utilizarea de c\u0103tre dvs. a site-ului web sau din \u00eenc\u0103lcarea acestor Termeni.<\/li>\n\n\n\n<li><strong>\u00cencetare<\/strong>: Ne rezerv\u0103m dreptul de a v\u0103 \u00eentrerupe utilizarea site-ului web \u00een orice moment, f\u0103r\u0103 notificare prealabil\u0103 \u0219i din orice motiv.<\/li>\n\n\n\n<li><strong>Legea aplicabil\u0103: <\/strong>Ace\u0219ti Termeni sunt guverna\u021bi \u0219i interpreta\u021bi \u00een conformitate cu legile din Rom\u00e2nia.<\/li>\n<\/ol>\n\n\n\n<p>Dac\u0103 ave\u021bi \u00eentreb\u0103ri cu privire la ace\u0219ti Termeni, v\u0103 rug\u0103m s\u0103 ne contacta\u021bi la <strong>romania-serbia@mdrap.ro<\/strong>.<\/p>\n\t\t<\/div>\n\t\t<a href=\"javascript:void(0);\" class=\"um-toggle-terms\" data-toggle-state=\"hidden\"\n\t\t   data-toggle-show=\"Show Terms\"\n\t\t   data-toggle-hide=\"Hide Terms\">\n\t\t\tShow Terms\t\t<\/a>\n\t<\/div>\n\t<div class=\"um-field-area\">\n\n\t\t<label class=\"um-field-checkbox\">\n\t\t\t<input type=\"checkbox\" name=\"use_terms_conditions_agreement\" value=\"1\">\n\t\t\t<span class=\"um-field-checkbox-state\">\n\t\t\t\t<i class=\"um-icon-android-checkbox-outline-blank\"><\/i>\n\t\t\t<\/span>\n\t\t\t<span class=\"um-field-checkbox-option\">\n\t\t\t\tI agree to the terms & conditions\t\t\t<\/span>\n\t\t<\/label>\n\t\t<div class=\"um-clear\"><\/div>\n\n\t\t\n\t\t<div class=\"um-clear\"><\/div>\n\t<\/div>\n<\/div>\n\t\t<input type=\"hidden\" name=\"form_id\" id=\"form_id_347\" value=\"347\" \/>\n\t\n\t<p class=\"um_request_name\">\n\t\t<label for=\"um_request_347\">Only fill in if you are not human<\/label>\n\t\t<input type=\"hidden\" name=\"um_request\" id=\"um_request_347\" class=\"input\" value=\"\" size=\"25\" autocomplete=\"off\" \/>\n\t<\/p>\n\n\t<input type=\"hidden\" id=\"_wpnonce\" name=\"_wpnonce\" value=\"69ad964a18\" \/><input type=\"hidden\" name=\"_wp_http_referer\" value=\"\/ro\/wp-json\/wp\/v2\/pages\/353\" \/>\n\t<div class=\"um-col-alt\">\n\n\t\t\n\t\t\t<div class=\"um-left um-half\">\n\t\t\t\t<input type=\"submit\" value=\"Registru\" class=\"um-button\" id=\"um-submit-btn\" \/>\n\t\t\t<\/div>\n\t\t\t<div class=\"um-right um-half\">\n\t\t\t\t<a href=\"https:\/\/medicare.umft.ro\/ro\/login\/\" class=\"um-button um-alt\">\n\t\t\t\t\tLog in\t\t\t\t<\/a>\n\t\t\t<\/div>\n\n\t\t\n\t\t<div class=\"um-clear\"><\/div>\n\n\t<\/div>\n\n\t\n\t\t<\/form>\n\n\t<\/div>\n\n<\/div>\n<style>\n\t\t\t.um-347.um {\n\t\t\tmax-width: 450px;\n\t\t}\n\t\t<\/style>\n\n","protected":false},"excerpt":{"rendered":"<p>Join Our Community of Health-Conscious Individuals and Take Control of Your Well-Being Today. Sign up Now to Access Personalized Screening Tools and Receive Updates on Your Health Journey.<\/p>\n","protected":false},"author":1,"featured_media":0,"parent":0,"menu_order":0,"comment_status":"closed","ping_status":"closed","template":"","meta":[],"_links":{"self":[{"href":"https:\/\/medicare.umft.ro\/ro\/wp-json\/wp\/v2\/pages\/353"}],"collection":[{"href":"https:\/\/medicare.umft.ro\/ro\/wp-json\/wp\/v2\/pages"}],"about":[{"href":"https:\/\/medicare.umft.ro\/ro\/wp-json\/wp\/v2\/types\/page"}],"author":[{"embeddable":true,"href":"https:\/\/medicare.umft.ro\/ro\/wp-json\/wp\/v2\/users\/1"}],"replies":[{"embeddable":true,"href":"https:\/\/medicare.umft.ro\/ro\/wp-json\/wp\/v2\/comments?post=353"}],"version-history":[{"count":1,"href":"https:\/\/medicare.umft.ro\/ro\/wp-json\/wp\/v2\/pages\/353\/revisions"}],"predecessor-version":[{"id":444,"href":"https:\/\/medicare.umft.ro\/ro\/wp-json\/wp\/v2\/pages\/353\/revisions\/444"}],"wp:attachment":[{"href":"https:\/\/medicare.umft.ro\/ro\/wp-json\/wp\/v2\/media?parent=353"}],"curies":[{"name":"wp","href":"https:\/\/api.w.org\/{rel}","templated":true}]}}