{"id":3,"date":"2023-01-13T21:07:55","date_gmt":"2023-01-13T21:07:55","guid":{"rendered":"https:\/\/medicare.umft.ro\/?page_id=3"},"modified":"2023-06-22T00:46:04","modified_gmt":"2023-06-21T21:46:04","slug":"privacy-policy","status":"publish","type":"page","link":"https:\/\/medicare.umft.ro\/ro\/privacy-policy\/","title":{"rendered":"Politica de confiden\u021bialitate pentru MediCare"},"content":{"rendered":"\n<p>Aceast\u0103 politic\u0103 de confiden\u021bialitate stabile\u0219te practicile de prelucrare a datelor efectuate prin utilizarea internetului \u0219i a oric\u0103ror servicii accesibile prin intermediul <strong>Medicare<\/strong>. \u00cen cazul \u00een care ave\u021bi orice solicitare privind informa\u021biile dumneavoastr\u0103 personale sau orice \u00eentreb\u0103ri cu privire la aceste practici, v\u0103 rug\u0103m s\u0103 ne contacta\u021bi la adresa de e-mail <strong>romania-serbia@mdrap.ro<\/strong>.<\/p>\n\n\n\n<h2 class=\"wp-block-heading\">Informa\u021bii colectate<\/h2>\n\n\n\n<p>Colect\u0103m informa\u021bii de la vizitatorii acestui site web prin utilizarea formularelor online \u0219i de fiecare dat\u0103 c\u00e2nd ne trimite\u021bi detaliile dumneavoastr\u0103 prin e-mail. De asemenea, este posibil s\u0103 colect\u0103m informa\u021bii \u00een mod automat cu privire la vizita dvs. pe site-ul nostru web, folosind module cookie.<\/p>\n\n\n\n<h2 class=\"wp-block-heading\">Utilizarea informa\u021biilor personale<\/h2>\n\n\n\n<p>Informa\u021biile colectate de la Medicare vor fi folosite pentru a v\u0103 oferi detalii despre produsele \u0219i serviciile oferite \u0219i pentru analize statistice. De asemenea, este posibil s\u0103 folosim \u0219i s\u0103 analiz\u0103m informa\u021biile pe care le colect\u0103m pentru a putea administra, sprijini, \u00eembun\u0103t\u0103\u021bi \u0219i dezvolta activitatea noastr\u0103.<\/p>\n\n\n\n<p>\u00cen special, este posibil s\u0103 folosim informa\u021biile dvs. pentru a v\u0103 contacta pentru a v\u0103 cere p\u0103rerea cu privire la serviciile noastre \u0219i pentru a v\u0103 notifica ocazional cu privire la modific\u0103ri sau evolu\u021bii importante ale site-ului sau ale serviciilor noastre. \u00cen plus, \u00een cazul \u00een care v-a\u021bi dat consim\u021b\u0103m\u00e2ntul, am putea utiliza informa\u021biile dumneavoastr\u0103 pentru a v\u0103 anun\u021ba prin e-mail despre alte produse \u0219i servicii pe care le oferim \u0219i care ar putea fi de interes pentru dumneavoastr\u0103. Dac\u0103 v\u0103 r\u0103zg\u00e2ndi\u021bi \u00een leg\u0103tur\u0103 cu contactarea noastr\u0103 \u00een viitor, v\u0103 rug\u0103m s\u0103 ne anun\u021ba\u021bi.<\/p>\n\n\n\n<h2 class=\"wp-block-heading\">Dezv\u0103luirea informa\u021biilor personale<\/h2>\n\n\n\n<p>Nu vom dezv\u0103lui informa\u021biile dvs. personale unei ter\u021be p\u0103r\u021bi dec\u00e2t dac\u0103 v-a\u021bi dat consim\u021b\u0103m\u00e2ntul \u00een acest sens. Cu toate acestea, este posibil s\u0103 dezv\u0103luim informa\u021biile dvs. personale \u00een cazul \u00een care suntem obliga\u021bi s\u0103 facem acest lucru prin lege.<\/p>\n\n\n\n<h2 class=\"wp-block-heading\">Securitatea informa\u021biilor personale<\/h2>\n\n\n\n<p>Vom lua m\u0103suri de precau\u021bie tehnice \u0219i organizatorice rezonabile pentru a preveni pierderea, utilizarea necorespunz\u0103toare sau alterarea informa\u021biilor dumneavoastr\u0103 personale.<\/p>\n\n\n\n<h2 class=\"wp-block-heading\">Modific\u0103ri de politici<\/h2>\n\n\n\n<p>Putem actualiza aceast\u0103 politic\u0103 de confiden\u021bialitate din c\u00e2nd \u00een c\u00e2nd prin publicarea unei noi versiuni pe site-ul nostru web. Ar trebui s\u0103 verifica\u021bi aceast\u0103 pagin\u0103 ocazional pentru a v\u0103 asigura c\u0103 sunte\u021bi mul\u021bumit de orice modific\u0103ri.<\/p>\n\n\n\n<h2 class=\"wp-block-heading\">Site-uri web ale unor ter\u021be p\u0103r\u021bi<\/h2>\n\n\n\n<p>Site-ul web poate con\u021bine linkuri c\u0103tre alte site-uri web. Nu suntem responsabili pentru politicile sau practicile de confiden\u021bialitate ale site-urilor web ale ter\u021bilor.<\/p>\n\n\n\n<h2 class=\"wp-block-heading\">Drepturile dumneavoastr\u0103<\/h2>\n\n\n\n<p>Pute\u021bi solicita detalii despre informa\u021biile personale pe care le de\u021binem despre dumneavoastr\u0103 \u00een conformitate cu Regulamentul general european privind protec\u021bia datelor (GDPR). Dac\u0103 dori\u021bi o copie a informa\u021biilor de\u021binute despre dvs. v\u0103 rug\u0103m s\u0103 scrie\u021bi la adresa <strong>romania-serbia@mdrap.ro<\/strong>.<\/p>\n\n\n\n<p>Dac\u0103 crede\u021bi c\u0103 orice informa\u021bie pe care o de\u021binem despre dumneavoastr\u0103 este incorect\u0103 sau incomplet\u0103, v\u0103 rug\u0103m s\u0103 ne scrie\u021bi sau s\u0103 ne trimite\u021bi un e-mail c\u00e2t mai cur\u00e2nd posibil, la adresa de mai sus. Vom corecta cu promptitudine orice informa\u021bie care se dovede\u0219te a fi incorect\u0103.<\/p>\n\n\n\n<h2 class=\"wp-block-heading\">Contacta\u021bi-ne<\/h2>\n\n\n\n<p>Nu ezita\u021bi s\u0103 ne contacta\u021bi \u00een leg\u0103tur\u0103 cu orice aspect legat de aceast\u0103 politic\u0103 de confiden\u021bialitate la adresa de e-mail <strong>romania-serbia@mdrap.ro<\/strong>.<\/p>\n","protected":false},"excerpt":{"rendered":"<p>O politic\u0103 de confiden\u021bialitate detaliaz\u0103 practicile unui site web de colectare, utilizare \u0219i protec\u021bie a informa\u021biilor personale. Aceasta explic\u0103 drepturile utilizatorilor \u0219i asigur\u0103 o gestionare responsabil\u0103 a informa\u021biilor acestora.<\/p>\n","protected":false},"author":1,"featured_media":0,"parent":0,"menu_order":0,"comment_status":"closed","ping_status":"open","template":"","meta":[],"_links":{"self":[{"href":"https:\/\/medicare.umft.ro\/ro\/wp-json\/wp\/v2\/pages\/3"}],"collection":[{"href":"https:\/\/medicare.umft.ro\/ro\/wp-json\/wp\/v2\/pages"}],"about":[{"href":"https:\/\/medicare.umft.ro\/ro\/wp-json\/wp\/v2\/types\/page"}],"author":[{"embeddable":true,"href":"https:\/\/medicare.umft.ro\/ro\/wp-json\/wp\/v2\/users\/1"}],"replies":[{"embeddable":true,"href":"https:\/\/medicare.umft.ro\/ro\/wp-json\/wp\/v2\/comments?post=3"}],"version-history":[{"count":8,"href":"https:\/\/medicare.umft.ro\/ro\/wp-json\/wp\/v2\/pages\/3\/revisions"}],"predecessor-version":[{"id":661,"href":"https:\/\/medicare.umft.ro\/ro\/wp-json\/wp\/v2\/pages\/3\/revisions\/661"}],"wp:attachment":[{"href":"https:\/\/medicare.umft.ro\/ro\/wp-json\/wp\/v2\/media?parent=3"}],"curies":[{"name":"wp","href":"https:\/\/api.w.org\/{rel}","templated":true}]}}